{"id":3801,"date":"2019-01-10T17:37:12","date_gmt":"2019-01-10T22:37:12","guid":{"rendered":"http:\/\/xperto-hypotheque-victor-hugo.ca\/refinancing\/"},"modified":"2023-12-29T00:41:13","modified_gmt":"2023-12-29T05:41:13","slug":"refinancing","status":"publish","type":"page","link":"https:\/\/xperto-hypotheque-victor-hugo.ca\/en\/mortgages\/refinancing\/","title":{"rendered":"Refinancement hypoth\u00e9caire : r\u00e9alisez enfin vos projets de r\u00eave avec Xperto"},"content":{"rendered":"<p><\/p>\n<!--themify_builder_content-->\n<div id=\"themify_builder_content-3801\" data-postid=\"3801\" class=\"themify_builder_content themify_builder_content-3801 themify_builder tf_clear\">\n                    <div  data-lazy=\"1\" class=\"module_row themify_builder_row tb_d8ig860 tb_first tf_w\">\n                        <div class=\"row_inner col_align_top tb_col_count_1 tf_box tf_rel\">\n                        <div  data-lazy=\"1\" class=\"module_column tb-column col-full tb_uncf860 first\">\n                    <!-- module text -->\n<div  class=\"module module-text tb_3yet860  repeat  tb_gs707463a\" data-lazy=\"1\">\n        <div  class=\"tb_text_wrap\">\n        <h1><span class=\"blue-bg\">Refinance mortgage | Mortgage refinancing : Realize your dream project with Xperto<\/span><\/h1>    <\/div>\n<\/div>\n<!-- \/module text --><!-- module buttons -->\n<div  class=\"module module-buttons tb_ousb381 buttons-horizontal solid  tb_gs708263a\" data-lazy=\"1\">\n        <div class=\"module-buttons-item tf_in_flx\">\n                        <a href=\"\/en\/interactive-form\/refinancing\/\" class=\"ui builder_button tf_in_flx green\" >\n                                                SEE MY REFINANCING OPTIONS                                        <\/a>\n                <\/div>\n            <\/div>\n<!-- \/module buttons -->\n        <\/div>\n                        <\/div>\n        <\/div>\n                        <div  data-lazy=\"1\" class=\"module_row themify_builder_row tb_8js0895 tf_w\">\n                        <div class=\"row_inner col_align_top tb_col_count_1 tf_box tf_rel\">\n                        <div  data-lazy=\"1\" class=\"module_column tb-column col-full tb_pqsa895 first\">\n                    <!-- module text -->\n<div  class=\"module module-text tb_cedy895 custom-check   tb_gs707463a\" data-lazy=\"1\">\n        <div  class=\"tb_text_wrap\">\n        <p>When you work with Xperto de Laval\u2019s team of dedicated brokers on your mortgage refinancing application, you will get up to 80% of the value of your property.<\/p>\n<p>Mortgage refinancing makes many projects possible, such as:<\/p>\n<ul class=\"elementor-icon-list-items\">\n<li class=\"elementor-icon-list-item\">Purchase of a car, motor vehicle or boat;<\/li>\n<li class=\"elementor-icon-list-item\">Purchase of a heat pump;<\/li>\n<li class=\"elementor-icon-list-item\">Purchase of a pool;<\/li>\n<li class=\"elementor-icon-list-item\">Home renovations;<\/li>\n<li class=\"elementor-icon-list-item\">Acquisition of a second home, such as a cottage;<\/li>\n<li class=\"elementor-icon-list-item\">Investment in one\u2019s business;<\/li>\n<li class=\"elementor-icon-list-item\">Financial support to help children access home ownership.<\/li>\n<\/ul>    <\/div>\n<\/div>\n<!-- \/module text -->        <\/div>\n                        <\/div>\n        <\/div>\n                        <div  data-lazy=\"1\" class=\"module_row themify_builder_row tb_8krb492 tf_w\">\n                        <div class=\"row_inner col_align_top tb_col_count_1 tf_box tf_rel\">\n                        <div  data-lazy=\"1\" class=\"module_column tb-column col-full tb_to5h492 first\">\n                    <!-- module text -->\n<div  class=\"module module-text tb_7gfa492 custom-check   tb_gs707463a\" data-lazy=\"1\">\n        <div  class=\"tb_text_wrap\">\n        <h2><span class=\"greenunderline\">Refinancing<\/span> to access the home equity line of credit<\/h2>\n<div class=\"elementor-element elementor-element-b2b6910 elementor-widget elementor-widget-text-editor\" data-id=\"b2b6910\" data-element_type=\"widget\" data-widget_type=\"text-editor.default\">\n<div class=\"elementor-widget-container\">\n<div class=\"elementor-text-editor elementor-clearfix\">\n<p>Mortgage refinancing can be used to add a home equity line of credit on your loan. What is convenient about the line of credit is that it is not necessarily disbursed to the notary. It is approved and available for a maximum amount and you can go and get the funds when you need them.<\/p>\n<\/div>\n<\/div>\n<\/div>    <\/div>\n<\/div>\n<!-- \/module text --><!-- module buttons -->\n<div  class=\"module module-buttons tb_wdfe492 buttons-horizontal solid  tb_gs708263a\" data-lazy=\"1\">\n        <div class=\"module-buttons-item tf_in_flx\">\n                        <a href=\"\/en\/mortgages\/debt-consolidation\/\" class=\"ui builder_button tf_in_flx green\" >\n                                                LEARN MORE ABOUT DEBT CONSOLIDATION.                                        <\/a>\n                <\/div>\n            <\/div>\n<!-- \/module buttons -->\n        <\/div>\n                        <\/div>\n        <\/div>\n                        <div  data-lazy=\"1\" class=\"module_row themify_builder_row tb_abb9196 tf_w\">\n                        <div class=\"row_inner col_align_top tb_col_count_1 tf_box tf_rel\">\n                        <div  data-lazy=\"1\" class=\"module_column tb-column col-full tb_5p6p197 first\">\n                    <!-- module text -->\n<div  class=\"module module-text tb_tcvf197 custom-check   tb_gs707463a\" data-lazy=\"1\">\n        <div  class=\"tb_text_wrap\">\n        <h2>The <span class=\"greenunderline\">benefits of mortgage refinancing<\/span> with Xperto<\/h2>\n<ul>\n<li>Ability to obtain large amounts at low interest rates.<\/li>\n<li>Limit your number of creditors by consolidating all your debts together for a more efficient management of your finances.<\/li>\n<\/ul>    <\/div>\n<\/div>\n<!-- \/module text -->        <\/div>\n                        <\/div>\n        <\/div>\n                        <div  data-lazy=\"1\" class=\"module_row themify_builder_row tb_0ear924 tf_w\">\n                        <div class=\"row_inner col_align_top tb_col_count_1 tf_box tf_rel\">\n                        <div  data-lazy=\"1\" class=\"module_column tb-column col-full tb_fcmn924 first\">\n                    <!-- module text -->\n<div  class=\"module module-text tb_kuvj924 custom-check   tb_gs707463a\" data-lazy=\"1\">\n        <div  class=\"tb_text_wrap\">\n        <h2><span class=\"greenunderline\">How <\/span>does it work?<\/h2>\n<div class=\"elementor-element elementor-element-b2b6910 elementor-widget elementor-widget-text-editor\" data-id=\"b2b6910\" data-element_type=\"widget\" data-widget_type=\"text-editor.default\">\n<div class=\"elementor-widget-container\">\n<div class=\"elementor-text-editor elementor-clearfix\">\n<p>The amount that can be loaned to you is determined as follows:<\/p>\n<p>Value of your property on the market (not the cost of the purchase) x 80% = Total<\/p>\n<p>This total \u2013 the value of your mortgage = Maximum amount of refinancing<\/p>\n<p>Here is a more concrete example: Assuming your property is worth a current market value of $200,000, 80% of that amount is equal to $160,000.<\/p>\n<p>Your mortgage is $100,000. The difference between the previous total and your mortgage is $60,000. Therefore, you will be able to obtain a maximum of $60,000 through mortgage refinancing.<\/p>\n<\/div>\n<\/div>\n<\/div>    <\/div>\n<\/div>\n<!-- \/module text -->        <\/div>\n                        <\/div>\n        <\/div>\n                        <div  data-lazy=\"1\" class=\"module_row themify_builder_row tb_hdym207 tf_w\">\n                        <div class=\"row_inner col_align_top tb_col_count_1 tf_box tf_rel\">\n                        <div  data-lazy=\"1\" class=\"module_column tb-column col-full tb_ep4y207 first\">\n                    <!-- module text -->\n<div  class=\"module module-text tb_30d9492 custom-check   tb_gs707463a\" data-lazy=\"1\">\n        <div  class=\"tb_text_wrap\">\n        <h2>Who can help me find <span class=\"greenunderline\">the best mortgage rate<\/span> for my <span class=\"greenunderline\">refinancing <\/span>?<\/h2>\n<p>The brokerage team at Xperto! If you are dealing with a single bank, obtaining mortgage refinancing can be complex and will not necessarily land you the best rate. In contrast, our mortage brokers\u2019 primary duty is to find and secure you the lowest rate with the loan terms that are most suitable for you<\/p>    <\/div>\n<\/div>\n<!-- \/module text -->        <\/div>\n                        <\/div>\n        <\/div>\n                        <div  data-lazy=\"1\" class=\"module_row themify_builder_row tb_ofoq207 tf_w\">\n                        <div class=\"row_inner col_align_top tb_col_count_1 tf_box tf_rel\">\n                        <div  data-lazy=\"1\" class=\"module_column tb-column col-full tb_z922207 first\">\n                    <!-- module text -->\n<div  class=\"module module-text tb_lnj1100 custom-check   tb_gs707463a\" data-lazy=\"1\">\n        <div  class=\"tb_text_wrap\">\n        <h2>If I refinance with another bank, will I pay penalties?<\/h2>\n<p>Most likely. Despite the penalties, it is possible that refinancing through another financial institution will actually benefit you in the end. Since saving you money is our top priority, rest assured that we will analyze all possible options.<\/p>    <\/div>\n<\/div>\n<!-- \/module text -->        <\/div>\n                        <\/div>\n        <\/div>\n                        <div  data-lazy=\"1\" class=\"module_row themify_builder_row tb_uaoa21 tf_w\">\n                        <div class=\"row_inner col_align_top tb_col_count_1 tf_box tf_rel\">\n                        <div  data-lazy=\"1\" class=\"module_column tb-column col-full tb_4a4921 first\">\n                    <!-- module text -->\n<div  class=\"module module-text tb_e4sc22 custom-check   tb_gs707463a\" data-lazy=\"1\">\n        <div  class=\"tb_text_wrap\">\n        <h2>Why should I refinance my mortgage?<\/h2>\n<p>You might be seeing people around you refinance their mortgages. This might prompt you to think: what are some of the benefits of refinancing?<\/p>\n<p>In reality, there are numerous reasons, the most common being:<\/p>\n<ul>\n<li>To finance renovation works<\/li>\n<li>To put money on the purchase of a new property<\/li>\n<li>To consolidate debts with higher interest rates (e.g. credit card, personal line of credit, auto loan, etc.)<\/li>\n<li>To save in interest charges<\/li>\n<li>To invest in savings with a return higher than the interest<\/li>\n<li>And more !<\/li>\n<\/ul>\n<p>Refinancing is generally used to reduce the interest an individual pays. For example, a person with a $150,000 mortgage at 3.5%, a $ 3,500 credit card at 20%, a $15,000 car loan at 5% and a personal loan of $5,000$ at 8% would benefit from debt consolidation via mortgage refinancing. She would then sign a new mortgage of $173,500 and save a lot of interest since all her other debts would now be set at a 3.5% interest rate.<\/p>\n<p><strong>Therefore, taking the time to do calculations with a professional mortgage broker is well worth your while.<\/strong><\/p>    <\/div>\n<\/div>\n<!-- \/module text --><!-- module buttons -->\n<div  class=\"module module-buttons tb_y49w53 buttons-horizontal solid  tb_gs708263a\" data-lazy=\"1\">\n        <div class=\"module-buttons-item tf_in_flx\">\n                        <a href=\"\/en\/interactive-form\/refinancing\/\" class=\"ui builder_button tf_in_flx green\" >\n                                                SEE MY REFINANCING OPTIONS                                        <\/a>\n                <\/div>\n            <\/div>\n<!-- \/module buttons -->\n        <\/div>\n                        <\/div>\n        <\/div>\n        <\/div>\n<!--\/themify_builder_content-->","protected":false},"excerpt":{"rendered":"<p>Refinance mortgage | Mortgage refinancing : Realize your dream project with Xperto SEE MY REFINANCING OPTIONS When you work with Xperto de Laval\u2019s team of dedicated brokers on your mortgage refinancing application, you will get up to 80% of the value of your property. Mortgage refinancing makes many projects possible, such as: Purchase of a [&hellip;]<\/p>\n","protected":false},"author":1,"featured_media":0,"parent":4085,"menu_order":0,"comment_status":"closed","ping_status":"closed","template":"","meta":{"footnotes":""},"class_list":["post-3801","page","type-page","status-publish","hentry","has-post-title","has-post-date","has-post-category","has-post-tag","has-post-comment","has-post-author",""],"aioseo_notices":[],"builder_content":"<h1>Refinance mortgage | Mortgage refinancing : Realize your dream project with Xperto<\/h1>\n<a href=\"\/en\/interactive-form\/refinancing\/\" > SEE MY REFINANCING OPTIONS <\/a>\n<p>When you work with Xperto de Laval\u2019s team of dedicated brokers on your mortgage refinancing application, you will get up to 80% of the value of your property.<\/p> <p>Mortgage refinancing makes many projects possible, such as:<\/p> <ul> <li>Purchase of a car, motor vehicle or boat;<\/li> <li>Purchase of a heat pump;<\/li> <li>Purchase of a pool;<\/li> <li>Home renovations;<\/li> <li>Acquisition of a second home, such as a cottage;<\/li> <li>Investment in one\u2019s business;<\/li> <li>Financial support to help children access home ownership.<\/li> <\/ul>\n<h2>Refinancing to access the home equity line of credit<\/h2>\n<p>Mortgage refinancing can be used to add a home equity line of credit on your loan. What is convenient about the line of credit is that it is not necessarily disbursed to the notary. It is approved and available for a maximum amount and you can go and get the funds when you need them.<\/p>\n<a href=\"\/en\/mortgages\/debt-consolidation\/\" > LEARN MORE ABOUT DEBT CONSOLIDATION. <\/a>\n<h2>The benefits of mortgage refinancing with Xperto<\/h2> <ul> <li>Ability to obtain large amounts at low interest rates.<\/li> <li>Limit your number of creditors by consolidating all your debts together for a more efficient management of your finances.<\/li> <\/ul>\n<h2>How does it work?<\/h2>\n<p>The amount that can be loaned to you is determined as follows:<\/p> <p>Value of your property on the market (not the cost of the purchase) x 80% = Total<\/p> <p>This total \u2013 the value of your mortgage = Maximum amount of refinancing<\/p> <p>Here is a more concrete example: Assuming your property is worth a current market value of $200,000, 80% of that amount is equal to $160,000.<\/p> <p>Your mortgage is $100,000. The difference between the previous total and your mortgage is $60,000. Therefore, you will be able to obtain a maximum of $60,000 through mortgage refinancing.<\/p>\n<h2>Who can help me find the best mortgage rate for my refinancing ?<\/h2> <p>The brokerage team at Xperto! If you are dealing with a single bank, obtaining mortgage refinancing can be complex and will not necessarily land you the best rate. In contrast, our mortage brokers\u2019 primary duty is to find and secure you the lowest rate with the loan terms that are most suitable for you<\/p>\n<h2>If I refinance with another bank, will I pay penalties?<\/h2> <p>Most likely. Despite the penalties, it is possible that refinancing through another financial institution will actually benefit you in the end. Since saving you money is our top priority, rest assured that we will analyze all possible options.<\/p>\n<h2>Why should I refinance my mortgage?<\/h2> <p>You might be seeing people around you refinance their mortgages. This might prompt you to think: what are some of the benefits of refinancing?<\/p> <p>In reality, there are numerous reasons, the most common being:<\/p> <ul> <li>To finance renovation works<\/li> <li>To put money on the purchase of a new property<\/li> <li>To consolidate debts with higher interest rates (e.g. credit card, personal line of credit, auto loan, etc.)<\/li> <li>To save in interest charges<\/li> <li>To invest in savings with a return higher than the interest<\/li> <li>And more !<\/li> <\/ul> <p>Refinancing is generally used to reduce the interest an individual pays. For example, a person with a $150,000 mortgage at 3.5%, a $ 3,500 credit card at 20%, a $15,000 car loan at 5% and a personal loan of $5,000$ at 8% would benefit from debt consolidation via mortgage refinancing. She would then sign a new mortgage of $173,500 and save a lot of interest since all her other debts would now be set at a 3.5% interest rate.<\/p> <p><strong>Therefore, taking the time to do calculations with a professional mortgage broker is well worth your while.<\/strong><\/p>\n<a href=\"\/en\/interactive-form\/refinancing\/\" > SEE MY REFINANCING OPTIONS <\/a>","_links":{"self":[{"href":"https:\/\/xperto-hypotheque-victor-hugo.ca\/en\/wp-json\/wp\/v2\/pages\/3801","targetHints":{"allow":["GET"]}}],"collection":[{"href":"https:\/\/xperto-hypotheque-victor-hugo.ca\/en\/wp-json\/wp\/v2\/pages"}],"about":[{"href":"https:\/\/xperto-hypotheque-victor-hugo.ca\/en\/wp-json\/wp\/v2\/types\/page"}],"author":[{"embeddable":true,"href":"https:\/\/xperto-hypotheque-victor-hugo.ca\/en\/wp-json\/wp\/v2\/users\/1"}],"replies":[{"embeddable":true,"href":"https:\/\/xperto-hypotheque-victor-hugo.ca\/en\/wp-json\/wp\/v2\/comments?post=3801"}],"version-history":[{"count":10,"href":"https:\/\/xperto-hypotheque-victor-hugo.ca\/en\/wp-json\/wp\/v2\/pages\/3801\/revisions"}],"predecessor-version":[{"id":8192,"href":"https:\/\/xperto-hypotheque-victor-hugo.ca\/en\/wp-json\/wp\/v2\/pages\/3801\/revisions\/8192"}],"up":[{"embeddable":true,"href":"https:\/\/xperto-hypotheque-victor-hugo.ca\/en\/wp-json\/wp\/v2\/pages\/4085"}],"wp:attachment":[{"href":"https:\/\/xperto-hypotheque-victor-hugo.ca\/en\/wp-json\/wp\/v2\/media?parent=3801"}],"curies":[{"name":"wp","href":"https:\/\/api.w.org\/{rel}","templated":true}]}}