{"id":3974,"date":"2017-07-06T07:33:48","date_gmt":"2017-07-06T11:33:48","guid":{"rendered":"http:\/\/xperto-hypotheque-victor-hugo.ca\/our-team\/"},"modified":"2025-01-14T14:19:19","modified_gmt":"2025-01-14T19:19:19","slug":"our-team","status":"publish","type":"page","link":"https:\/\/xperto-hypotheque-victor-hugo.ca\/en\/our-team\/","title":{"rendered":"Notre \u00c9quipe"},"content":{"rendered":"<!--themify_builder_content-->\n<div id=\"themify_builder_content-3974\" data-postid=\"3974\" class=\"themify_builder_content themify_builder_content-3974 themify_builder tf_clear\">\n                    <div  data-lazy=\"1\" class=\"module_row themify_builder_row tb_pbxx657 tb_first tf_w\">\n                        <div class=\"row_inner col_align_top tb_col_count_1 tf_box tf_rel\">\n                        <div  data-lazy=\"1\" class=\"module_column tb-column col-full tb_kctr657 first\">\n                    <!-- module text -->\n<div  class=\"module module-text tb_t54f658    tb_gs707463a\" data-lazy=\"1\">\n        <div  class=\"tb_text_wrap\">\n        <h1><span class=\"blue-bg\">Our Team<br><\/span><\/h1>    <\/div>\n<\/div>\n<!-- \/module text -->        <\/div>\n                        <\/div>\n        <\/div>\n                        <div  data-lazy=\"1\" class=\"module_row themify_builder_row tb_yois16 tf_w\">\n                        <div class=\"row_inner col_align_top tb_col_count_1 tf_box tf_rel\">\n                        <div  data-lazy=\"1\" class=\"module_column tb-column col-full tb_q8gj16 first\">\n                    <!-- module text -->\n<div  class=\"module module-text tb_bpwq17 custom-check   tb_gs707463a\" data-lazy=\"1\">\n        <div  class=\"tb_text_wrap\">\n        <h2>About our team<\/h2>\n<p>The Victor Hugo Pereira team was one of Canada&#8217;s top performers in terms of volume disbursed in 2011 and 2012, among all Multi-Pr\u00eats offices in the country (Source: Multi-Pr\u00eats Hypoth\u00e8ques).<\/p>\n<p>This dynamic team now consists of over 90 (as of 2025) professional and courteous brokers, primarily serving the Laval, Montreal, North Shore, and South Shore regions. Operating under the new XPERTO banner, a Dominion Lending Centres National team in Quebec, it is the largest mortgage agency in the country.<\/p>\n<p>Our mortgage brokers are experts in market trends and are trained to identify your real needs and respond quickly. No wasted time or unpleasant surprises: they benefit from exclusive promotions offered by financial institutions through a centralized IT system.<br>Additionally, service delivery is guaranteed by a highly skilled and dynamic team dedicated to client satisfaction. Our mortgage advisors provide clients with a full range of mortgage products, including pre-approvals, purchases, refinancing, home equity lines of credit, debt consolidation, renovation loans, renewals, mortgage transfers, and strategic solutions to save you thousands of dollars.<\/p>\n<p>Undoubtedly, you have everything to gain by working with us. We are available to serve you seven days a week, either at our offices or virtually. Furthermore, we can assist you in the following languages: French, English, Portuguese, Spanish, Russian, Romanian, Arabic, Creole, Italian, Mandarin, and Greek.<\/p>    <\/div>\n<\/div>\n<!-- \/module text -->        <\/div>\n                        <\/div>\n        <\/div>\n                        <div  data-lazy=\"1\" class=\"module_row themify_builder_row tb_wn7n682 tf_w\">\n                        <div class=\"row_inner col_align_top tb_col_count_2 tf_box tf_rel\">\n                        <div  data-lazy=\"1\" class=\"module_column tb-column col4-2 tb_p6vf682 first\">\n                    <!-- module text -->\n<div  class=\"module module-text tb_kpjc682 custom-check   tb_gs707463a\" data-lazy=\"1\">\n        <div  class=\"tb_text_wrap\">\n        <p><strong>WHO ARE WE?<\/strong><\/p>\n<h2>Our team<\/h2>    <\/div>\n<\/div>\n<!-- \/module text -->        <\/div>\n                    <div  data-lazy=\"1\" class=\"module_column tb-column col4-2 tb_j2jy179 last\">\n                            <\/div>\n                        <\/div>\n        <\/div>\n                        <div  data-lazy=\"1\" class=\"module_row themify_builder_row tb_tht3660 tf_w\">\n                        <div class=\"row_inner col_align_top tb_col_count_2 tf_box tf_rel\">\n                        <div  data-lazy=\"1\" class=\"module_column tb-column col4-2 tb_rvy0660 first\">\n                            <div  data-lazy=\"1\" class=\"module_subrow themify_builder_sub_row tf_w col_align_middle tb_col_count_2 tb_vf9d661\">\n                <div  data-lazy=\"1\" class=\"module_column sub_column col4-2 tb_1hdu661 first\">\n                    <!-- module image -->\n<div  class=\"module module-image tb_rcbr661 image-top   tf_mw\" data-lazy=\"1\">\n        <div class=\"image-wrap tf_rel tf_mw\">\n            <img loading=\"lazy\" decoding=\"async\" width=\"150\" height=\"150\" src=\"https:\/\/xperto-hypotheque-victor-hugo.ca\/wp-content\/uploads\/2024\/12\/victor-hugo.png\" class=\"wp-post-image wp-image-8790\" title=\"victor-hugo\" alt=\"victor-hugo\">    \n        <\/div>\n    <!-- \/image-wrap -->\n    \n        <\/div>\n<!-- \/module image -->        <\/div>\n                    <div  data-lazy=\"1\" class=\"module_column sub_column col4-2 tb_2r7o661 last\">\n                    <!-- module text -->\n<div  class=\"module module-text tb_c660661 custom-check   tb_gs707463a\" data-lazy=\"1\">\n        <div  class=\"tb_text_wrap\">\n        <h3>Victor Hugo Pereira<\/h3>\n<p>Mortgage Broker<\/p>    <\/div>\n<\/div>\n<!-- \/module text --><!-- module icon -->\n<div  class=\"module module-icon tb_s4ie661    icon_horizontal \" data-lazy=\"1\">\n\t\t\t<div class=\"module-icon-item\">\n\t\t\t\t\t\t\t<a href=\"tel:4506827738\">\n\t\t\t\t\t\t\t\t\t\t\t\t\t\t\t\t\t<em class=\"tf_box\"\n\t\t\t\t\t\t\t\t\t\t\t\t style=\"color:#ff9d00\"\t\t\t\t\t><svg  class=\"tf_fa tf-fas-phone-alt\" xmlns:xlink=\"http:\/\/www.w3.org\/1999\/xlink\" aria-hidden=\"true\"><use href=\"#tf-fas-phone-alt\" xlink:href=\"#tf-fas-phone-alt\"><\/use><\/svg><\/em>\n\t\t\t\t\t\t\t\t\t\t\t\t\t\t\t\t\t\t\t<span>450-682-7738<\/span>\n\t\t\t\t\t\t\t\t\t\t\t\t\t\t\t\t\t<\/a>\n\t\t\t\t\t<\/div>\n\t<\/div>\n<!-- \/module icon -->\n<!-- module icon -->\n<div  class=\"module module-icon tb_a2mq661    icon_horizontal \" data-lazy=\"1\">\n\t\t\t<div class=\"module-icon-item\">\n\t\t\t\t\t\t\t<a href=\"mailto:vhpereira@xperto.ca\">\n\t\t\t\t\t\t\t\t\t\t\t\t\t\t\t\t\t<em class=\"tf_box\"\n\t\t\t\t\t\t\t\t\t\t\t\t style=\"color:#ff9d00\"\t\t\t\t\t><svg  class=\"tf_fa tf-fas-at\" xmlns:xlink=\"http:\/\/www.w3.org\/1999\/xlink\" aria-hidden=\"true\"><use href=\"#tf-fas-at\" xlink:href=\"#tf-fas-at\"><\/use><\/svg><\/em>\n\t\t\t\t\t\t\t\t\t\t\t\t\t\t\t\t\t\t\t<span>vhpereira@xperto.ca<\/span>\n\t\t\t\t\t\t\t\t\t\t\t\t\t\t\t\t\t<\/a>\n\t\t\t\t\t<\/div>\n\t<\/div>\n<!-- \/module icon -->\n        <\/div>\n                    <\/div>\n                <\/div>\n                    <div  data-lazy=\"1\" class=\"module_column tb-column col4-2 tb_ct8j661 last\">\n                            <\/div>\n                        <\/div>\n        <\/div>\n        <\/div>\n<!--\/themify_builder_content-->","protected":false},"excerpt":{"rendered":"<p>Our Team<\/p>\n","protected":false},"author":1,"featured_media":0,"parent":0,"menu_order":0,"comment_status":"closed","ping_status":"closed","template":"","meta":{"footnotes":""},"class_list":["post-3974","page","type-page","status-publish","hentry","has-post-title","has-post-date","has-post-category","has-post-tag","has-post-comment","has-post-author",""],"aioseo_notices":[],"builder_content":"<h1>Our Team<br><\/h1>\n<h2>About our team<\/h2> <p>The Victor Hugo Pereira team was one of Canada's top performers in terms of volume disbursed in 2011 and 2012, among all Multi-Pr\u00eats offices in the country (Source: Multi-Pr\u00eats Hypoth\u00e8ques).<\/p> <p>This dynamic team now consists of over 90 (as of 2025) professional and courteous brokers, primarily serving the Laval, Montreal, North Shore, and South Shore regions. Operating under the new XPERTO banner, a Dominion Lending Centres National team in Quebec, it is the largest mortgage agency in the country.<\/p> <p>Our mortgage brokers are experts in market trends and are trained to identify your real needs and respond quickly. No wasted time or unpleasant surprises: they benefit from exclusive promotions offered by financial institutions through a centralized IT system.<br>Additionally, service delivery is guaranteed by a highly skilled and dynamic team dedicated to client satisfaction. Our mortgage advisors provide clients with a full range of mortgage products, including pre-approvals, purchases, refinancing, home equity lines of credit, debt consolidation, renovation loans, renewals, mortgage transfers, and strategic solutions to save you thousands of dollars.<\/p> <p>Undoubtedly, you have everything to gain by working with us. We are available to serve you seven days a week, either at our offices or virtually. Furthermore, we can assist you in the following languages: French, English, Portuguese, Spanish, Russian, Romanian, Arabic, Creole, Italian, Mandarin, and Greek.<\/p>\n<p>The Victor Hugo Pereira team was one of Canada's top performers in terms of volume disbursed in 2011 and 2012, among all Multi-Pr\u00eats offices in the country (Source: Multi-Pr\u00eats Hypoth\u00e8ques).<\/p> <p>This dynamic team now consists of over 90 (as of 2025) professional and courteous brokers, primarily serving the Laval, Montreal, North Shore, and South Shore regions. Operating under the new XPERTO banner, a Dominion Lending Centres National team in Quebec, it is the largest mortgage agency in the country.<\/p> <p>Our mortgage brokers are experts in market trends and are trained to identify your real needs and respond quickly. No wasted time or unpleasant surprises: they benefit from exclusive promotions offered by financial institutions through a centralized IT system.<\/p>\n<p>Additionally, service delivery is guaranteed by a highly skilled and dynamic team dedicated to client satisfaction. Our mortgage advisors provide clients with a full range of mortgage products, including pre-approvals, purchases, refinancing, home equity lines of credit, debt consolidation, renovation loans, renewals, mortgage transfers, and strategic solutions to save you thousands of dollars.<\/p> <p>Undoubtedly, you have everything to gain by working with us. We are available to serve you seven days a week, either at our offices or virtually. Furthermore, we can assist you in the following languages: French, English, Portuguese, Spanish, Russian, Romanian, Arabic, Creole, Italian, Mandarin, and Greek.<\/p>\n<p><strong>WHO ARE WE?<\/strong><\/p> <h2>Our team<\/h2>\n<img src=\"https:\/\/xperto-hypotheque-victor-hugo.ca\/wp-content\/uploads\/2024\/12\/victor-hugo.png\" title=\"victor-hugo\" alt=\"victor-hugo\">\n<h3>Victor Hugo Pereira<\/h3> <p>Mortgage Broker<\/p>\n<a href=\"tel:4506827738\"> <em style=\"color:#ff9d00\" ><svg xmlns:xlink=\"http:\/\/www.w3.org\/1999\/xlink\" aria-hidden=\"true\"><use href=\"#tf-fas-phone-alt\" xlink:href=\"#tf-fas-phone-alt\"><\/use><\/svg><\/em> 450-682-7738 <\/a>\n<a href=\"mailto:vhpereira@xperto.ca\"> <em style=\"color:#ff9d00\" ><svg xmlns:xlink=\"http:\/\/www.w3.org\/1999\/xlink\" aria-hidden=\"true\"><use href=\"#tf-fas-at\" xlink:href=\"#tf-fas-at\"><\/use><\/svg><\/em> vhpereira@xperto.ca <\/a>\n<h2>Xperto Laval<\/h2>\n<img src=\"\/wp-content\/uploads\/2022\/06\/Simon-Branchaud-1.png\" title=\"Notre \u00c9quipe\" alt=\"Notre \u00c9quipe\">\n<h3>Simon Branchaud<\/h3> <p>Mortgage Broker<\/p>\n<img src=\"\/wp-content\/uploads\/2022\/06\/Johanne-Leblanc.png\" title=\"Notre \u00c9quipe\" alt=\"Notre \u00c9quipe\">\n<h3>Johanne Leblanc<\/h3> <p>Mortgage Broker<\/p>\n<img src=\"\/wp-content\/uploads\/2022\/06\/El-Mostafa-Azad.png\" title=\"Notre \u00c9quipe\" alt=\"Notre \u00c9quipe\">\n<h3>El Mostafa Azad<\/h3> <p>Mortgage Broker<\/p>\n<img src=\"\/wp-content\/uploads\/2022\/06\/Annie-Delisle-Gagon.png\" title=\"Notre \u00c9quipe\" alt=\"Notre \u00c9quipe\">\n<h3>Annie Delisle Gagon<\/h3> <p>Mortgage Broker<\/p>\n<img src=\"\/wp-content\/uploads\/2022\/06\/Fazia-Aouchiche.png\" title=\"Notre \u00c9quipe\" alt=\"Notre \u00c9quipe\">\n<h3>Fazia Aouchiche<\/h3> <p>Mortgage Broker<\/p>\n<img src=\"\/wp-content\/uploads\/2022\/06\/Isabelle-St-Jacques.png\" title=\"Notre \u00c9quipe\" alt=\"Notre \u00c9quipe\">\n<h3>Isabelle St-Jacques<\/h3> <p>Mortgage Broker<\/p>\n<img src=\"http:\/\/xperto-hypotheque-victor-hugo.ca\/wp-content\/uploads\/2019\/02\/team_ln.jpg\" width=\"150\" height=\"150\" title=\"Notre \u00c9quipe\" alt=\"Notre \u00c9quipe\">\n<h3>Lamia Nourai<\/h3> <p>Mortgage Broker<\/p>\n<h2>St-Eustache<\/h2>\n<img src=\"\/wp-content\/uploads\/2022\/06\/Anne-Marie-Lepage.png\" title=\"Notre \u00c9quipe\" alt=\"Notre \u00c9quipe\">\n<h3>Anne-Marie Lepage<\/h3> <p>Mortgage Broker<\/p>\n<h2>Montreal West<\/h2>\n<img src=\"\/wp-content\/uploads\/2019\/02\/team_av.jpg.webp\" title=\"Notre \u00c9quipe\" alt=\"Notre \u00c9quipe\">\n<h3>Andtal Volny<\/h3> <p>Mortgage Broker<\/p>","_links":{"self":[{"href":"https:\/\/xperto-hypotheque-victor-hugo.ca\/en\/wp-json\/wp\/v2\/pages\/3974","targetHints":{"allow":["GET"]}}],"collection":[{"href":"https:\/\/xperto-hypotheque-victor-hugo.ca\/en\/wp-json\/wp\/v2\/pages"}],"about":[{"href":"https:\/\/xperto-hypotheque-victor-hugo.ca\/en\/wp-json\/wp\/v2\/types\/page"}],"author":[{"embeddable":true,"href":"https:\/\/xperto-hypotheque-victor-hugo.ca\/en\/wp-json\/wp\/v2\/users\/1"}],"replies":[{"embeddable":true,"href":"https:\/\/xperto-hypotheque-victor-hugo.ca\/en\/wp-json\/wp\/v2\/comments?post=3974"}],"version-history":[{"count":31,"href":"https:\/\/xperto-hypotheque-victor-hugo.ca\/en\/wp-json\/wp\/v2\/pages\/3974\/revisions"}],"predecessor-version":[{"id":8814,"href":"https:\/\/xperto-hypotheque-victor-hugo.ca\/en\/wp-json\/wp\/v2\/pages\/3974\/revisions\/8814"}],"wp:attachment":[{"href":"https:\/\/xperto-hypotheque-victor-hugo.ca\/en\/wp-json\/wp\/v2\/media?parent=3974"}],"curies":[{"name":"wp","href":"https:\/\/api.w.org\/{rel}","templated":true}]}}