{"id":3978,"date":"2019-01-10T17:36:09","date_gmt":"2019-01-10T22:36:09","guid":{"rendered":"http:\/\/xperto-hypotheque-victor-hugo.ca\/contact-us\/"},"modified":"2024-12-27T19:23:41","modified_gmt":"2024-12-28T00:23:41","slug":"contact-us","status":"publish","type":"page","link":"https:\/\/xperto-hypotheque-victor-hugo.ca\/en\/contact-us\/","title":{"rendered":"Contact us"},"content":{"rendered":"<!--themify_builder_content-->\n<div id=\"themify_builder_content-3978\" data-postid=\"3978\" class=\"themify_builder_content themify_builder_content-3978 themify_builder tf_clear\">\n                    <div  data-lazy=\"1\" class=\"module_row themify_builder_row tb_ktpq631 tb_first tf_w\">\n                        <div class=\"row_inner col_align_top tb_col_count_1 tf_box tf_rel\">\n                        <div  data-lazy=\"1\" class=\"module_column tb-column col-full tb_loz1631 first\">\n                    <!-- module text -->\n<div  class=\"module module-text tb_12er615 custom-check   tb_gs707463a\" data-lazy=\"1\">\n        <div  class=\"tb_text_wrap\">\n        <h1>Appelez-nous <a href=\"tel:4506827738\">450-682-7738<\/a><\/h1>\n<p>Nous sommes disponibles 7 jours sur 7 : nous vous recevons dans nos bureaux de la Rive-Nord ou de Laval ou nous nous d\u00e9pla\u00e7ons chez vous.<\/p>\n<p>Dans le but de mieux vous servir, nous avons 7 adresses et notre \u00e9quipe parle 6 langues; Espagnol, Grecque, Perse, Arabe, Cr\u00e9ole et Portuguais <\/p>\n    <\/div>\n<\/div>\n<!-- \/module text --><!-- module text -->\n<div  class=\"module module-text tb_oglo814    tb_gs707463a\" data-lazy=\"1\">\n        <div  class=\"tb_text_wrap\">\n        <h1>Contactez-nous\u200b<\/h1>    <\/div>\n<\/div>\n<!-- \/module text --><!-- module plain text -->\n<div  class=\"module module-plain-text tb_1i2x672 white-form\" data-lazy=\"1\">\n        <div class=\"tb_text_wrap\">\n    <div class=\"wpforms-container wpforms-container-full mp-contact-form custom-whitefont-form\" id=\"wpforms-3131\"><form id=\"wpforms-form-3131\" class=\"wpforms-validate wpforms-form\" data-formid=\"3131\" method=\"post\" enctype=\"multipart\/form-data\" action=\"\/en\/wp-json\/wp\/v2\/pages\/3978\" data-token=\"887d3da81b11b864abab3ff896d7782e\" data-token-time=\"1777111932\"><noscript class=\"wpforms-error-noscript\">Please enable JavaScript in your browser to complete this form.<\/noscript><div class=\"wpforms-field-container\"><div id=\"wpforms-3131-field_4-container\" class=\"wpforms-field wpforms-field-text\" data-field-id=\"4\"><label class=\"wpforms-field-label wpforms-label-hide\" for=\"wpforms-3131-field_4\">Nom et pr\u00e9nom * <span class=\"wpforms-required-label\">*<\/span><\/label><input type=\"text\" id=\"wpforms-3131-field_4\" class=\"wpforms-field-large wpforms-field-required\" name=\"wpforms[fields][4]\" placeholder=\"Nom et pr\u00e9nom *\" required><\/div><div id=\"wpforms-3131-field_1-container\" class=\"wpforms-field wpforms-field-email wpforms-one-half wpforms-first\" data-field-id=\"1\"><label class=\"wpforms-field-label wpforms-label-hide\" for=\"wpforms-3131-field_1\">Courriel <span class=\"wpforms-required-label\">*<\/span><\/label><input type=\"email\" id=\"wpforms-3131-field_1\" class=\"wpforms-field-large wpforms-field-required\" name=\"wpforms[fields][1]\" placeholder=\"Courriel *\" spellcheck=\"false\" required><\/div><div id=\"wpforms-3131-field_3-container\" class=\"wpforms-field wpforms-field-phone wpforms-one-half\" data-field-id=\"3\"><label class=\"wpforms-field-label wpforms-label-hide\" for=\"wpforms-3131-field_3\">T\u00e9l\u00e9phone<\/label><input type=\"tel\" id=\"wpforms-3131-field_3\" class=\"wpforms-field-large\" data-rule-int-phone-field=\"true\" name=\"wpforms[fields][3]\" placeholder=\"T\u00e9l\u00e9phone\" aria-label=\"T\u00e9l\u00e9phone\" ><\/div><div id=\"wpforms-3131-field_6-container\" class=\"wpforms-field wpforms-field-radio wpforms-one-half wpforms-first custom-radio-button wpforms-list-inline\" data-field-id=\"6\"><label class=\"wpforms-field-label\">Avez-vous d\u00e9j\u00e0 fait affaires avec l\u2019\u00e9quipe Victor Hugo Pereira? <span class=\"wpforms-required-label\">*<\/span><\/label><ul id=\"wpforms-3131-field_6\" class=\"wpforms-field-required\"><li class=\"choice-1 depth-1\"><input type=\"radio\" id=\"wpforms-3131-field_6_1\" name=\"wpforms[fields][6]\" value=\"Oui\" required ><label class=\"wpforms-field-label-inline\" for=\"wpforms-3131-field_6_1\">Oui<\/label><\/li><li class=\"choice-2 depth-1\"><input type=\"radio\" id=\"wpforms-3131-field_6_2\" name=\"wpforms[fields][6]\" value=\"Non\" required ><label class=\"wpforms-field-label-inline\" for=\"wpforms-3131-field_6_2\">Non<\/label><\/li><\/ul><\/div><div id=\"wpforms-3131-field_2-container\" class=\"wpforms-field wpforms-field-textarea\" data-field-id=\"2\"><label class=\"wpforms-field-label wpforms-label-hide\" for=\"wpforms-3131-field_2\">Autres informations optionnelles<\/label><textarea id=\"wpforms-3131-field_2\" class=\"wpforms-field-medium\" name=\"wpforms[fields][2]\" placeholder=\"Autres informations optionnelles\" ><\/textarea><\/div><\/div><!-- .wpforms-field-container --><div class=\"wpforms-field wpforms-field-hp\"><label for=\"wpforms-3131-field-hp\" class=\"wpforms-field-label\">Message<\/label><input type=\"text\" name=\"wpforms[hp]\" id=\"wpforms-3131-field-hp\" class=\"wpforms-field-medium\"><\/div><div class=\"wpforms-recaptcha-container wpforms-is-recaptcha wpforms-is-recaptcha-type-v3\" ><input type=\"hidden\" name=\"wpforms[recaptcha]\" value=\"\"><\/div><div class=\"wpforms-submit-container\" ><input type=\"hidden\" name=\"wpforms[id]\" value=\"3131\"><input type=\"hidden\" name=\"page_title\" value=\"\"><input type=\"hidden\" name=\"page_url\" value=\"https:\/\/xperto-hypotheque-victor-hugo.ca\/en\/wp-json\/wp\/v2\/pages\/3978\"><input type=\"hidden\" name=\"url_referer\" value=\"\"><button type=\"submit\" name=\"wpforms[submit]\" id=\"wpforms-submit-3131\" class=\"wpforms-submit submit-button-contact-form\" data-alt-text=\"Envoi...\" data-submit-text=\"OBTENIR MES PROPOSITIONS HYPOT\u00c9CAIRES GRATUITES\" aria-live=\"assertive\" value=\"wpforms-submit\">OBTENIR MES PROPOSITIONS HYPOT\u00c9CAIRES GRATUITES<\/button><\/div><\/form><\/div>  <!-- .wpforms-container -->    <\/div>\n<\/div>\n<!-- \/module plain text -->        <\/div>\n                        <\/div>\n        <\/div>\n                        <div  data-lazy=\"1\" class=\"module_row themify_builder_row tb_bcqm791 tf_w\">\n                        <div class=\"row_inner col_align_top tb_col_count_1 tf_box tf_rel\">\n                        <div  data-lazy=\"1\" class=\"module_column tb-column col-full tb_hcph792 first\">\n                            <div  data-lazy=\"1\" class=\"module_subrow themify_builder_sub_row tf_w col_align_top tb_col_count_1 tb_mzn4401\">\n                <div  data-lazy=\"1\" class=\"module_column sub_column col-full tb_3meg401 first\">\n                    <!-- module text -->\n<div  class=\"module module-text tb_lm5v742    tb_gs707463a\" data-lazy=\"1\">\n        <div  class=\"tb_text_wrap\">\n        <h3 style=\"text-align: center;\">Xperto Laval<br>\u00c9quipe Victor Hugo Pereira<\/h3>\n<p style=\"text-align: center;\">3899 Autoroute des Laurentides, Suite 203<br>Laval, Qu\u00e9bec H7L 3H7<\/p>    <\/div>\n<\/div>\n<!-- \/module text -->        <\/div>\n                    <\/div>\n                <\/div>\n                        <\/div>\n        <\/div>\n                        <div  data-css_id=\"wk32860\" data-lazy=\"1\" class=\"module_row themify_builder_row fullwidth tb_wk32860 tf_w\">\n                        <div class=\"row_inner col_align_top tb_col_count_1 tf_box tf_rel\">\n                        <div  data-lazy=\"1\" class=\"module_column tb-column col-full tb_o1a5860 first\">\n                    <!-- module plain text -->\n<div  class=\"module module-plain-text tb_rsnc999 \" data-lazy=\"1\">\n        <div class=\"tb_text_wrap\">\n    <iframe src=\"https:\/\/www.google.com\/maps\/embed?pb=!1m14!1m8!1m3!1d11169.69406690817!2d-73.7633925!3d45.5820303!3m2!1i1024!2i768!4f13.1!3m3!1m2!1s0x4cc923a2aebdf131%3A0x9f8df8fb2f0056da!2sXperto%20Hypoth%C3%A8ques%20-%20%C3%89quipe%20Antoine%20Feghali!5e0!3m2!1ses!2smx!4v1705511424848!5m2!1ses!2smx\" width=\"100%\" height=\"450\" style=\"border:0;\" allowfullscreen=\"\" loading=\"lazy\" referrerpolicy=\"no-referrer-when-downgrade\"><\/iframe>    <\/div>\n<\/div>\n<!-- \/module plain text -->        <\/div>\n                        <\/div>\n        <\/div>\n                        <div  data-lazy=\"1\" class=\"module_row themify_builder_row tb_0whv496 tf_w\">\n                        <div class=\"row_inner col_align_top tb_col_count_2 tf_box tf_rel\">\n                        <div  data-lazy=\"1\" class=\"module_column tb-column col4-2 tb_c8yf496 first\">\n                    <!-- module text -->\n<div  class=\"module module-text tb_5nmc496 custom-check   tb_gs707463a\" data-lazy=\"1\">\n        <div  class=\"tb_text_wrap\">\n        <p><span style=\"font-size: 34px; font-weight: 600; letter-spacing: -0.02em; background-color: initial;\">Notre \u00e9quipe<\/span><\/p>\n    <\/div>\n<\/div>\n<!-- \/module text -->        <\/div>\n                    <div  data-lazy=\"1\" class=\"module_column tb-column col4-2 tb_y555496 last\">\n                            <\/div>\n                        <\/div>\n        <\/div>\n                        <div  data-lazy=\"1\" class=\"module_row themify_builder_row tb_70t7919 tf_w\">\n                        <div class=\"row_inner col_align_top tb_col_count_2 tf_box tf_rel\">\n                        <div  data-lazy=\"1\" class=\"module_column tb-column col4-2 tb_ftme919 first\">\n                            <div  data-lazy=\"1\" class=\"module_subrow themify_builder_sub_row tf_w col_align_middle tb_col_count_2 tb_qbz8920\">\n                <div  data-lazy=\"1\" class=\"module_column sub_column col4-2 tb_z45o920 first\">\n                    <!-- module image -->\n<div  class=\"module module-image tb_woe7920 image-top   tf_mw\" data-lazy=\"1\">\n        <div class=\"image-wrap tf_rel tf_mw\">\n            <img loading=\"lazy\" decoding=\"async\" width=\"150\" height=\"150\" src=\"https:\/\/xperto-hypotheque-victor-hugo.ca\/wp-content\/uploads\/2024\/12\/victor-hugo.png\" class=\"wp-post-image wp-image-8790\" title=\"victor-hugo\" alt=\"victor-hugo\">    \n        <\/div>\n    <!-- \/image-wrap -->\n    \n        <\/div>\n<!-- \/module image -->        <\/div>\n                    <div  data-lazy=\"1\" class=\"module_column sub_column col4-2 tb_d0u5920 last\">\n                    <!-- module text -->\n<div  class=\"module module-text tb_uf3j920 custom-check   tb_gs707463a\" data-lazy=\"1\">\n        <div  class=\"tb_text_wrap\">\n        <h3>Victor Pereira<\/h3>\n<p>Courtier hypoth\u00e9caire<\/p>    <\/div>\n<\/div>\n<!-- \/module text --><!-- module icon -->\n<div  class=\"module module-icon tb_thte920    icon_horizontal \" data-lazy=\"1\">\n\t\t\t<div class=\"module-icon-item\">\n\t\t\t\t\t\t\t<a href=\"tel:4506827738\">\n\t\t\t\t\t\t\t\t\t\t\t\t\t\t\t\t\t<em class=\"tf_box\"\n\t\t\t\t\t\t\t\t\t\t\t\t style=\"color:#ff9d00\"\t\t\t\t\t><svg  class=\"tf_fa tf-fas-phone-alt\" xmlns:xlink=\"http:\/\/www.w3.org\/1999\/xlink\" aria-hidden=\"true\"><use href=\"#tf-fas-phone-alt\" xlink:href=\"#tf-fas-phone-alt\"><\/use><\/svg><\/em>\n\t\t\t\t\t\t\t\t\t\t\t\t\t\t\t\t\t\t\t<span>450-682-7738<\/span>\n\t\t\t\t\t\t\t\t\t\t\t\t\t\t\t\t\t<\/a>\n\t\t\t\t\t<\/div>\n\t<\/div>\n<!-- \/module icon -->\n<!-- module icon -->\n<div  class=\"module module-icon tb_x36x920    icon_horizontal \" data-lazy=\"1\">\n\t\t\t<div class=\"module-icon-item\">\n\t\t\t\t\t\t\t<a href=\"mailto:%20vhpereira@xperto.ca\">\n\t\t\t\t\t\t\t\t\t\t\t\t\t\t\t\t\t<em class=\"tf_box\"\n\t\t\t\t\t\t\t\t\t\t\t\t style=\"color:#ff9d00\"\t\t\t\t\t><svg  class=\"tf_fa tf-fas-at\" xmlns:xlink=\"http:\/\/www.w3.org\/1999\/xlink\" aria-hidden=\"true\"><use href=\"#tf-fas-at\" xlink:href=\"#tf-fas-at\"><\/use><\/svg><\/em>\n\t\t\t\t\t\t\t\t\t\t\t\t\t\t\t\t\t\t\t<span> vhpereira@xperto.ca<\/span>\n\t\t\t\t\t\t\t\t\t\t\t\t\t\t\t\t\t<\/a>\n\t\t\t\t\t<\/div>\n\t<\/div>\n<!-- \/module icon -->\n        <\/div>\n                    <\/div>\n                <\/div>\n                    <div  data-lazy=\"1\" class=\"module_column tb-column col4-2 tb_juqo920 last\">\n                            <\/div>\n                        <\/div>\n        <\/div>\n        <\/div>\n<!--\/themify_builder_content-->","protected":false},"excerpt":{"rendered":"<p>Appelez-nous 450-682-7738 Nous sommes disponibles 7 jours sur 7 : nous vous recevons dans nos bureaux de la Rive-Nord ou de Laval ou nous nous d\u00e9pla\u00e7ons chez vous. Dans le but de mieux vous servir, nous avons 7 adresses et notre \u00e9quipe parle 6 langues; Espagnol, Grecque, Perse, Arabe, Cr\u00e9ole et Portuguais<\/p>\n","protected":false},"author":1,"featured_media":0,"parent":0,"menu_order":0,"comment_status":"closed","ping_status":"closed","template":"","meta":{"footnotes":""},"class_list":["post-3978","page","type-page","status-publish","hentry","has-post-title","has-post-date","has-post-category","has-post-tag","has-post-comment","has-post-author",""],"aioseo_notices":[],"builder_content":"<h1>Appelez-nous <a href=\"tel:4506827738\">450-682-7738<\/a><\/h1> <p>Nous sommes disponibles 7 jours sur 7 : nous vous recevons dans nos bureaux de la Rive-Nord ou de Laval ou nous nous d\u00e9pla\u00e7ons chez vous.<\/p> <p>Dans le but de mieux vous servir, nous avons 7 adresses et notre \u00e9quipe parle 6 langues; Espagnol, Grecque, Perse, Arabe, Cr\u00e9ole et Portuguais <\/p>\n<h1>Contactez-nous\u200b<\/h1>\n[wpforms id=\"3131\"]\n<h3 style=\"text-align: center;\">Xperto Laval<br>\u00c9quipe Victor Hugo Pereira<\/h3> <p style=\"text-align: center;\">3899 Autoroute des Laurentides, Suite 203<br>Laval, Qu\u00e9bec H7L 3H7<\/p>\n<iframe src=\"https:\/\/www.google.com\/maps\/embed?pb=!1m14!1m8!1m3!1d11169.69406690817!2d-73.7633925!3d45.5820303!3m2!1i1024!2i768!4f13.1!3m3!1m2!1s0x4cc923a2aebdf131%3A0x9f8df8fb2f0056da!2sXperto%20Hypoth%C3%A8ques%20-%20%C3%89quipe%20Antoine%20Feghali!5e0!3m2!1ses!2smx!4v1705511424848!5m2!1ses!2smx\" width=\"100%\" height=\"450\" style=\"border:0;\" allowfullscreen=\"\" loading=\"lazy\" referrerpolicy=\"no-referrer-when-downgrade\"><\/iframe>\n<p>Notre \u00e9quipe<\/p>\n<img src=\"https:\/\/xperto-hypotheque-victor-hugo.ca\/wp-content\/uploads\/2024\/12\/victor-hugo.png\" title=\"victor-hugo\" alt=\"victor-hugo\">\n<h3>Victor Pereira<\/h3> <p>Courtier hypoth\u00e9caire<\/p>\n<a href=\"tel:4506827738\"> <em style=\"color:#ff9d00\" ><svg xmlns:xlink=\"http:\/\/www.w3.org\/1999\/xlink\" aria-hidden=\"true\"><use href=\"#tf-fas-phone-alt\" xlink:href=\"#tf-fas-phone-alt\"><\/use><\/svg><\/em> 450-682-7738 <\/a>\n<a href=\"mailto:%20vhpereira@xperto.ca\"> <em style=\"color:#ff9d00\" ><svg xmlns:xlink=\"http:\/\/www.w3.org\/1999\/xlink\" aria-hidden=\"true\"><use href=\"#tf-fas-at\" xlink:href=\"#tf-fas-at\"><\/use><\/svg><\/em> vhpereira@xperto.ca <\/a>\n<h2>Xperto Laval<\/h2>\n<img src=\"http:\/\/xperto-hypotheque-victor-hugo.ca\/wp-content\/uploads\/2020\/03\/image001-1-1.jpg\" width=\"150\" height=\"188\" title=\"Contact us\" alt=\"Contact us\">\n<h3>Jorge Moreira<\/h3> <h3>Courtier hypoth\u00e9caire<\/h3>\n<img src=\"http:\/\/xperto-hypotheque-victor-hugo.ca\/wp-content\/uploads\/2019\/02\/team_ln.jpg\" width=\"150\" height=\"150\" title=\"Contact us\" alt=\"Contact us\">\n<h3>Lamia Nourai<\/h3> <h3>Courtier hypoth\u00e9caire<\/h3>\n<img src=\"\/wp-content\/uploads\/2022\/06\/Simon-Branchaud-1.png\" title=\"Contact us\" alt=\"Contact us\">\n<h3>Simon Branchaud<\/h3> <h3>Courtier hypoth\u00e9caire<\/h3>\n<img src=\"\/wp-content\/uploads\/2022\/06\/Johanne-Leblanc.png\" title=\"Contact us\" alt=\"Contact us\">\n<h3>Johanne Leblanc<\/h3> <h3>Courtier hypoth\u00e9caire<\/h3>\n<img src=\"\/wp-content\/uploads\/2022\/06\/El-Mostafa-Azad.png\" title=\"Contact us\" alt=\"Contact us\">\n<h3>El Mostafa Azad<\/h3> <h3>Courtier hypoth\u00e9caire<\/h3>\n<img src=\"\/wp-content\/uploads\/2022\/06\/Annie-Delisle-Gagon.png\" title=\"Contact us\" alt=\"Contact us\">\n<h3>Annie Delisle Gagon<\/h3> <h3>Courtier hypoth\u00e9caire<\/h3>\n<img src=\"\/wp-content\/uploads\/2022\/06\/Fazia-Aouchiche.png\" title=\"Contact us\" alt=\"Contact us\">\n<h3>Fazia Aouchiche<\/h3> <h3>Courtier hypoth\u00e9caire<\/h3>\n<img src=\"\/wp-content\/uploads\/2022\/06\/Isabelle-St-Jacques.png\" title=\"Contact us\" alt=\"Contact us\">\n<h3>Isabelle St-Jacques<\/h3> <h3>Courtier hypoth\u00e9caire<\/h3>\n<h2>St-Eustache<\/h2>\n<img src=\"\/wp-content\/uploads\/2022\/06\/Anne-Marie-Lepage.png\" title=\"Contact us\" alt=\"Contact us\">\n<h3>Anne-Marie Lepage<\/h3> <h3>Courtier hypoth\u00e9caire<\/h3>\n<h2>Ouest de Montr\u00e9al<\/h2>\n<img src=\"\/wp-content\/uploads\/2019\/02\/team_av.jpg.webp\" title=\"Contact us\" alt=\"Contact us\">\n<h3>Andtal Volny<\/h3> <h3>Courtier hypoth\u00e9caire<\/h3>","_links":{"self":[{"href":"https:\/\/xperto-hypotheque-victor-hugo.ca\/en\/wp-json\/wp\/v2\/pages\/3978","targetHints":{"allow":["GET"]}}],"collection":[{"href":"https:\/\/xperto-hypotheque-victor-hugo.ca\/en\/wp-json\/wp\/v2\/pages"}],"about":[{"href":"https:\/\/xperto-hypotheque-victor-hugo.ca\/en\/wp-json\/wp\/v2\/types\/page"}],"author":[{"embeddable":true,"href":"https:\/\/xperto-hypotheque-victor-hugo.ca\/en\/wp-json\/wp\/v2\/users\/1"}],"replies":[{"embeddable":true,"href":"https:\/\/xperto-hypotheque-victor-hugo.ca\/en\/wp-json\/wp\/v2\/comments?post=3978"}],"version-history":[{"count":28,"href":"https:\/\/xperto-hypotheque-victor-hugo.ca\/en\/wp-json\/wp\/v2\/pages\/3978\/revisions"}],"predecessor-version":[{"id":8800,"href":"https:\/\/xperto-hypotheque-victor-hugo.ca\/en\/wp-json\/wp\/v2\/pages\/3978\/revisions\/8800"}],"wp:attachment":[{"href":"https:\/\/xperto-hypotheque-victor-hugo.ca\/en\/wp-json\/wp\/v2\/media?parent=3978"}],"curies":[{"name":"wp","href":"https:\/\/api.w.org\/{rel}","templated":true}]}}