{"id":4016,"date":"2019-01-15T18:19:11","date_gmt":"2019-01-15T23:19:11","guid":{"rendered":"http:\/\/xperto-hypotheque-victor-hugo.ca\/interactive-form\/new-property\/"},"modified":"2024-04-04T15:48:20","modified_gmt":"2024-04-04T19:48:20","slug":"formulaire-achat","status":"publish","type":"page","link":"https:\/\/xperto-hypotheque-victor-hugo.ca\/en\/interactive-form\/formulaire-achat\/","title":{"rendered":"Achat"},"content":{"rendered":"<!--themify_builder_content-->\n<div id=\"themify_builder_content-4016\" data-postid=\"4016\" class=\"themify_builder_content themify_builder_content-4016 themify_builder tf_clear\">\n                    <div  data-lazy=\"1\" class=\"module_row themify_builder_row tb_6ied997 tb_first tf_w\">\n                        <div class=\"row_inner col_align_top tb_col_count_1 tf_box tf_rel\">\n                        <div  data-lazy=\"1\" class=\"module_column tb-column col-full tb_zdev998 first\">\n                    <!-- module plain text -->\n<div  class=\"module module-plain-text tb_i5m8216 \" data-lazy=\"1\">\n        <div class=\"tb_text_wrap\">\n    <div class=\"wpforms-container wpforms-container-full\" id=\"wpforms-111\"><form id=\"wpforms-form-111\" class=\"wpforms-validate wpforms-form\" data-formid=\"111\" method=\"post\" enctype=\"multipart\/form-data\" action=\"\/en\/wp-json\/wp\/v2\/pages\/4016\" data-token=\"1ab71f1313161b61d19d4644a0eb539f\" data-token-time=\"1777230800\"><noscript class=\"wpforms-error-noscript\">Please enable JavaScript in your browser to complete this form.<\/noscript><div class=\"wpforms-page-indicator progress\" data-indicator=\"progress\" data-indicator-color=\"#ff9d00\" data-scroll=\"1\"><span class=\"wpforms-page-indicator-page-title\" data-page-5-title=\"Derni\u00e8re \u00e9tape...\"><\/span><span class=\"wpforms-page-indicator-page-title-sep\" style=\"display:none;\"> - <\/span><span class=\"wpforms-page-indicator-steps\">Step <span class=\"wpforms-page-indicator-steps-current\">1<\/span> of 5<\/span><div class=\"wpforms-page-indicator-page-progress-wrap\"><div class=\"wpforms-page-indicator-page-progress\" style=\"width:20%;background-color:#ff9d00\"><\/div><\/div><\/div><div class=\"wpforms-field-container\"><div class=\"wpforms-page wpforms-page-1 \" data-page=\"1\"><div id=\"wpforms-111-field_9-container\" class=\"wpforms-field wpforms-field-pagebreak\" data-field-id=\"9\"><\/div><div id=\"wpforms-111-field_11-container\" class=\"wpforms-field wpforms-field-radio fi-section-title wpforms-list-inline\" data-field-id=\"11\"><label class=\"wpforms-field-label\">Quel type de propri\u00e9t\u00e9 recherchez-vous?<\/label><ul id=\"wpforms-111-field_11\" class=\"wpforms-image-choices wpforms-image-choices-modern\"><li class=\"choice-1 depth-1 wpforms-image-choices-item\"><label class=\"wpforms-field-label-inline\" for=\"wpforms-111-field_11_1\" tabindex=\"0\"><span class=\"wpforms-image-choices-image\"><img decoding=\"async\" src=\"https:\/\/xperto-hypotheque-victor-hugo.ca\/wp-content\/uploads\/2023\/12\/condo_120.png\" alt=\"Condo\" title=\"Condo\"><\/span><input type=\"radio\" id=\"wpforms-111-field_11_1\" class=\"wpforms-screen-reader-element\" name=\"wpforms[fields][11]\" value=\"Condo\" tabindex=\"-1\"  ><span class=\"wpforms-image-choices-label\">Condo<\/span><\/label><\/li><li class=\"choice-2 depth-1 wpforms-image-choices-item\"><label class=\"wpforms-field-label-inline\" for=\"wpforms-111-field_11_2\" tabindex=\"0\"><span class=\"wpforms-image-choices-image\"><img decoding=\"async\" src=\"https:\/\/xperto-hypotheque-victor-hugo.ca\/wp-content\/uploads\/2023\/12\/maison_unifamilliale-1.png\" alt=\"Maison unifamiliale\" title=\"Maison unifamiliale\"><\/span><input type=\"radio\" id=\"wpforms-111-field_11_2\" class=\"wpforms-screen-reader-element\" name=\"wpforms[fields][11]\" value=\"Maison unifamiliale\" tabindex=\"-1\"  ><span class=\"wpforms-image-choices-label\">Maison unifamiliale<\/span><\/label><\/li><li class=\"choice-3 depth-1 wpforms-image-choices-item\"><label class=\"wpforms-field-label-inline\" for=\"wpforms-111-field_11_3\" tabindex=\"0\"><span class=\"wpforms-image-choices-image\"><img decoding=\"async\" src=\"http:\/\/xperto-hypotheque-victor-hugo.ca\/wp-content\/uploads\/2019\/01\/jumelle-1.png\" alt=\"Jumel\u00e9\" title=\"Jumel\u00e9\"><\/span><input type=\"radio\" id=\"wpforms-111-field_11_3\" class=\"wpforms-screen-reader-element\" name=\"wpforms[fields][11]\" value=\"Jumel\u00e9\" tabindex=\"-1\"  ><span class=\"wpforms-image-choices-label\">Jumel\u00e9<\/span><\/label><\/li><li class=\"choice-4 depth-1 wpforms-image-choices-item\"><label class=\"wpforms-field-label-inline\" for=\"wpforms-111-field_11_4\" tabindex=\"0\"><span class=\"wpforms-image-choices-image\"><img decoding=\"async\" src=\"https:\/\/xperto-hypotheque-victor-hugo.ca\/wp-content\/uploads\/2023\/12\/chalet_120.png\" alt=\"Chalet\" title=\"Chalet\"><\/span><input type=\"radio\" id=\"wpforms-111-field_11_4\" class=\"wpforms-screen-reader-element\" name=\"wpforms[fields][11]\" value=\"Chalet\" tabindex=\"-1\"  ><span class=\"wpforms-image-choices-label\">Chalet<\/span><\/label><\/li><li class=\"choice-5 depth-1 wpforms-image-choices-item\"><label class=\"wpforms-field-label-inline\" for=\"wpforms-111-field_11_5\" tabindex=\"0\"><span class=\"wpforms-image-choices-image\"><img decoding=\"async\" src=\"http:\/\/xperto-hypotheque-victor-hugo.ca\/wp-content\/uploads\/2019\/01\/duplex-1.png\" alt=\"Duplex\" title=\"Duplex\"><\/span><input type=\"radio\" id=\"wpforms-111-field_11_5\" class=\"wpforms-screen-reader-element\" name=\"wpforms[fields][11]\" value=\"Duplex\" tabindex=\"-1\"  ><span class=\"wpforms-image-choices-label\">Duplex<\/span><\/label><\/li><li class=\"choice-6 depth-1 wpforms-image-choices-item\"><label class=\"wpforms-field-label-inline\" for=\"wpforms-111-field_11_6\" tabindex=\"0\"><span class=\"wpforms-image-choices-image\"><img decoding=\"async\" src=\"https:\/\/xperto-hypotheque-victor-hugo.ca\/wp-content\/uploads\/2023\/12\/triplex_120.png\" alt=\"Triplex\" title=\"Triplex\"><\/span><input type=\"radio\" id=\"wpforms-111-field_11_6\" class=\"wpforms-screen-reader-element\" name=\"wpforms[fields][11]\" value=\"Triplex\" tabindex=\"-1\"  ><span class=\"wpforms-image-choices-label\">Triplex<\/span><\/label><\/li><li class=\"choice-7 depth-1 wpforms-image-choices-item\"><label class=\"wpforms-field-label-inline\" for=\"wpforms-111-field_11_7\" tabindex=\"0\"><span class=\"wpforms-image-choices-image\"><img decoding=\"async\" src=\"https:\/\/xperto-hypotheque-victor-hugo.ca\/wp-content\/uploads\/2023\/12\/nouvelle_maison-120.png\" alt=\"Maison neuve\" title=\"Maison neuve\"><\/span><input type=\"radio\" id=\"wpforms-111-field_11_7\" class=\"wpforms-screen-reader-element\" name=\"wpforms[fields][11]\" value=\"Maison neuve\" tabindex=\"-1\"  ><span class=\"wpforms-image-choices-label\">Maison neuve<\/span><\/label><\/li><li class=\"choice-8 depth-1 wpforms-image-choices-item\"><label class=\"wpforms-field-label-inline\" for=\"wpforms-111-field_11_8\" tabindex=\"0\"><span class=\"wpforms-image-choices-image\"><img decoding=\"async\" src=\"http:\/\/xperto-hypotheque-victor-hugo.ca\/wp-content\/uploads\/2019\/01\/immeubles_a_revenu-1.png\" alt=\"Immeuble \u00e0 revenu\" title=\"Immeuble \u00e0 revenu\"><\/span><input type=\"radio\" id=\"wpforms-111-field_11_8\" class=\"wpforms-screen-reader-element\" name=\"wpforms[fields][11]\" value=\"Immeuble \u00e0 revenu\" tabindex=\"-1\"  ><span class=\"wpforms-image-choices-label\">Immeuble \u00e0 revenu<\/span><\/label><\/li><li class=\"choice-9 depth-1 wpforms-image-choices-item\"><label class=\"wpforms-field-label-inline\" for=\"wpforms-111-field_11_9\" tabindex=\"0\"><span class=\"wpforms-image-choices-image\"><img decoding=\"async\" src=\"http:\/\/xperto-hypotheque-victor-hugo.ca\/wp-content\/uploads\/2019\/01\/commercial-1.png\" alt=\"Commercial\" title=\"Commercial\"><\/span><input type=\"radio\" id=\"wpforms-111-field_11_9\" class=\"wpforms-screen-reader-element\" name=\"wpforms[fields][11]\" value=\"Commercial\" tabindex=\"-1\"  ><span class=\"wpforms-image-choices-label\">Commercial<\/span><\/label><\/li><li class=\"choice-10 depth-1 wpforms-image-choices-item\"><label class=\"wpforms-field-label-inline\" for=\"wpforms-111-field_11_10\" tabindex=\"0\"><span class=\"wpforms-image-choices-image\"><img decoding=\"async\" src=\"http:\/\/xperto-hypotheque-victor-hugo.ca\/wp-content\/uploads\/2019\/01\/autres-1.png\" alt=\"Autre\" title=\"Autre\"><\/span><input type=\"radio\" id=\"wpforms-111-field_11_10\" class=\"wpforms-screen-reader-element\" name=\"wpforms[fields][11]\" value=\"Autre\" tabindex=\"-1\"  ><span class=\"wpforms-image-choices-label\">Autre<\/span><\/label><\/li><li class=\"choice-11 depth-1 wpforms-image-choices-item\"><label class=\"wpforms-field-label-inline\" for=\"wpforms-111-field_11_11\" tabindex=\"0\"><span class=\"wpforms-image-choices-image\"><img decoding=\"async\" src=\"http:\/\/xperto-hypotheque-victor-hugo.ca\/wp-content\/uploads\/2019\/01\/je_ne_sais_pas-1.png\" alt=\"Ne sais pas\" title=\"Ne sais pas\"><\/span><input type=\"radio\" id=\"wpforms-111-field_11_11\" class=\"wpforms-screen-reader-element\" name=\"wpforms[fields][11]\" value=\"Ne sais pas\" tabindex=\"-1\"  ><span class=\"wpforms-image-choices-label\">Ne sais pas<\/span><\/label><\/li><\/ul><\/div><div id=\"wpforms-111-field_53-container\" class=\"wpforms-field wpforms-field-pagebreak\" data-field-id=\"53\"><div class=\"wpforms-clear wpforms-pagebreak-left\"><button class=\"wpforms-page-button wpforms-page-next\" data-action=\"next\" data-page=\"1\" data-formid=\"111\" disabled>SUIVANT<\/button><\/div><\/div><\/div><div class=\"wpforms-page wpforms-page-2  \" data-page=\"2\" style=\"display:none;\"><div id=\"wpforms-111-field_51-container\" class=\"wpforms-field wpforms-field-text fi-section-title\" data-field-id=\"51\"><label class=\"wpforms-field-label\" for=\"wpforms-111-field_51\">Quel est votre BUDGET D&#039;ACHAT? <span class=\"wpforms-required-label\">*<\/span><\/label><input type=\"text\" id=\"wpforms-111-field_51\" class=\"wpforms-field-large wpforms-field-required\" name=\"wpforms[fields][51]\" placeholder=\"\u00c9crivez-le ici\" required><\/div><div id=\"wpforms-111-field_55-container\" class=\"wpforms-field wpforms-field-pagebreak\" data-field-id=\"55\"><div class=\"wpforms-clear wpforms-pagebreak-left\"><button class=\"wpforms-page-button wpforms-page-prev\" data-action=\"prev\" data-page=\"2\" data-formid=\"111\" disabled>RETOUR<\/button><button class=\"wpforms-page-button wpforms-page-next\" data-action=\"next\" data-page=\"2\" data-formid=\"111\" disabled>SUIVANT<\/button><\/div><\/div><\/div><div class=\"wpforms-page wpforms-page-3  \" data-page=\"3\" style=\"display:none;\"><div id=\"wpforms-111-field_16-container\" class=\"wpforms-field wpforms-field-radio fi-section-title wpforms-list-2-columns\" data-field-id=\"16\"><label class=\"wpforms-field-label\">Quand pr\u00e9voyez-vous ACHETER? <span class=\"wpforms-required-label\">*<\/span><\/label><ul id=\"wpforms-111-field_16\" class=\"wpforms-field-required\"><li class=\"choice-1 depth-1\"><input type=\"radio\" id=\"wpforms-111-field_16_1\" name=\"wpforms[fields][16]\" value=\"D\u00c8S MAINTENANT\" required ><label class=\"wpforms-field-label-inline\" for=\"wpforms-111-field_16_1\">D\u00c8S MAINTENANT<\/label><\/li><li class=\"choice-2 depth-1\"><input type=\"radio\" id=\"wpforms-111-field_16_2\" name=\"wpforms[fields][16]\" value=\"DANS 1-3 MOIS\" required ><label class=\"wpforms-field-label-inline\" for=\"wpforms-111-field_16_2\">DANS 1-3 MOIS<\/label><\/li><li class=\"choice-3 depth-1\"><input type=\"radio\" id=\"wpforms-111-field_16_3\" name=\"wpforms[fields][16]\" value=\"DANS 3-6 MOIS\" required ><label class=\"wpforms-field-label-inline\" for=\"wpforms-111-field_16_3\">DANS 3-6 MOIS<\/label><\/li><li class=\"choice-4 depth-1\"><input type=\"radio\" id=\"wpforms-111-field_16_4\" name=\"wpforms[fields][16]\" value=\"DANS 6-12 MOIS\" required ><label class=\"wpforms-field-label-inline\" for=\"wpforms-111-field_16_4\">DANS 6-12 MOIS<\/label><\/li><li class=\"choice-5 depth-1\"><input type=\"radio\" id=\"wpforms-111-field_16_5\" name=\"wpforms[fields][16]\" value=\"DANS 1 AN ET +\" required ><label class=\"wpforms-field-label-inline\" for=\"wpforms-111-field_16_5\">DANS 1 AN ET +<\/label><\/li><li class=\"choice-6 depth-1\"><input type=\"radio\" id=\"wpforms-111-field_16_6\" name=\"wpforms[fields][16]\" value=\"JE NE SAIS PAS\" required ><label class=\"wpforms-field-label-inline\" for=\"wpforms-111-field_16_6\">JE NE SAIS PAS<\/label><\/li><\/ul><\/div><div id=\"wpforms-111-field_54-container\" class=\"wpforms-field wpforms-field-pagebreak\" data-field-id=\"54\"><div class=\"wpforms-clear wpforms-pagebreak-left\"><button class=\"wpforms-page-button wpforms-page-prev\" data-action=\"prev\" data-page=\"3\" data-formid=\"111\" disabled>RETOUR<\/button><button class=\"wpforms-page-button wpforms-page-next\" data-action=\"next\" data-page=\"3\" data-formid=\"111\" disabled>SUIVANT<\/button><\/div><\/div><\/div><div class=\"wpforms-page wpforms-page-4  \" data-page=\"4\" style=\"display:none;\"><div id=\"wpforms-111-field_50-container\" class=\"wpforms-field wpforms-field-divider fi-section-title\" data-field-id=\"50\"><h3 id=\"wpforms-111-field_50\">Informez-nous de tout autre d\u00e9tail pertinent sur votre projet, afin que nous puissions vous aider \u00e0 obtenir le MEILLEUR PR\u00caT HYPOTH\u00c9CAIRE (Optionnel)<\/h3><\/div><div id=\"wpforms-111-field_41-container\" class=\"wpforms-field wpforms-field-textarea\" data-field-id=\"41\"><textarea id=\"wpforms-111-field_41\" class=\"wpforms-field-large\" name=\"wpforms[fields][41]\" placeholder=\"\u00c9crivez les d\u00e9tails ici\" ><\/textarea><\/div><div id=\"wpforms-111-field_19-container\" class=\"wpforms-field wpforms-field-pagebreak\" data-field-id=\"19\"><div class=\"wpforms-clear wpforms-pagebreak-left\"><button class=\"wpforms-page-button wpforms-page-prev\" data-action=\"prev\" data-page=\"4\" data-formid=\"111\" disabled>RETOUR<\/button><button class=\"wpforms-page-button wpforms-page-next\" data-action=\"next\" data-page=\"4\" data-formid=\"111\" disabled>SUIVANT<\/button><\/div><\/div><\/div><div class=\"wpforms-page wpforms-page-5 last \" data-page=\"5\" style=\"display:none;\"><div id=\"wpforms-111-field_49-container\" class=\"wpforms-field wpforms-field-divider fi-section-title\" data-field-id=\"49\"><h3 id=\"wpforms-111-field_49\">Derni\u00e8re \u00e9tape! Vos informations sont n\u00e9cessaires pour compl\u00e9ter votre demande!<\/h3><\/div><div id=\"wpforms-111-field_20-container\" class=\"wpforms-field wpforms-field-text wpforms-one-half wpforms-first\" data-field-id=\"20\"><input type=\"text\" id=\"wpforms-111-field_20\" class=\"wpforms-field-large wpforms-field-required\" name=\"wpforms[fields][20]\" placeholder=\"Nom *\" required><\/div><div id=\"wpforms-111-field_21-container\" class=\"wpforms-field wpforms-field-text wpforms-one-half\" data-field-id=\"21\"><input type=\"text\" id=\"wpforms-111-field_21\" class=\"wpforms-field-large wpforms-field-required\" name=\"wpforms[fields][21]\" placeholder=\"Pr\u00e9nom *\" required><\/div><div id=\"wpforms-111-field_22-container\" class=\"wpforms-field wpforms-field-text wpforms-one-half wpforms-first\" data-field-id=\"22\"><input type=\"text\" id=\"wpforms-111-field_22\" class=\"wpforms-field-large wpforms-field-required\" name=\"wpforms[fields][22]\" placeholder=\"T\u00e9l\u00e9phone *\" required><\/div><div id=\"wpforms-111-field_23-container\" class=\"wpforms-field wpforms-field-text wpforms-one-half\" data-field-id=\"23\"><input type=\"text\" id=\"wpforms-111-field_23\" class=\"wpforms-field-large wpforms-field-required\" name=\"wpforms[fields][23]\" placeholder=\"Courriel\" required><\/div><div id=\"wpforms-111-field_24-container\" class=\"wpforms-field wpforms-field-text wpforms-one-half wpforms-first\" data-field-id=\"24\"><input type=\"text\" id=\"wpforms-111-field_24\" class=\"wpforms-field-large wpforms-field-required\" name=\"wpforms[fields][24]\" placeholder=\"Code postal *\" required><\/div><div id=\"wpforms-111-field_25-container\" class=\"wpforms-field wpforms-field-select wpforms-one-half wpforms-field-select-style-classic\" data-field-id=\"25\"><select id=\"wpforms-111-field_25\" class=\"wpforms-field-large wpforms-field-required\" name=\"wpforms[fields][25]\" required=\"required\"><option value=\"\" class=\"placeholder\" disabled  selected='selected'>Votre r\u00e9gion *<\/option><option value=\"\u00cele de Montr\u00e9al\"  class=\"choice-1 depth-1\"  >\u00cele de Montr\u00e9al<\/option><option value=\"Laval\"  class=\"choice-2 depth-1\"  >Laval<\/option><option value=\"Rive Sud de Montr\u00e9al\"  class=\"choice-3 depth-1\"  >Rive Sud de Montr\u00e9al<\/option><option value=\"Rive Nord de Montr\u00e9al\"  class=\"choice-4 depth-1\"  >Rive Nord de Montr\u00e9al<\/option><option value=\"Ville de Qu\u00e9bec\"  class=\"choice-5 depth-1\"  >Ville de Qu\u00e9bec<\/option><option value=\"Qu\u00e9bec Rive-Sud (L\u00e9vis)\"  class=\"choice-6 depth-1\"  >Qu\u00e9bec Rive-Sud (L\u00e9vis)<\/option><option value=\"Drummondville\"  class=\"choice-7 depth-1\"  >Drummondville<\/option><option value=\"Gatineau\"  class=\"choice-8 depth-1\"  >Gatineau<\/option><option value=\"Saguenay\"  class=\"choice-9 depth-1\"  >Saguenay<\/option><option value=\"Lac Saint-Jean\"  class=\"choice-10 depth-1\"  >Lac Saint-Jean<\/option><option value=\"Sherbrooke\"  class=\"choice-11 depth-1\"  >Sherbrooke<\/option><option value=\"Trois-Rivi\u00e8res\"  class=\"choice-12 depth-1\"  >Trois-Rivi\u00e8res<\/option><option value=\"Victoriaville\"  class=\"choice-13 depth-1\"  >Victoriaville<\/option><option value=\"Autres\"  class=\"choice-14 depth-1\"  >Autres<\/option><\/select><\/div><div id=\"wpforms-111-field_56-container\" class=\"wpforms-field wpforms-field-radio wpforms-list-inline\" data-field-id=\"56\"><label class=\"wpforms-field-label\">Avez-vous d\u00e9j\u00e0 fait affaires avec l\u2019\u00e9quipe Victor Hugo Pereira?  <span class=\"wpforms-required-label\">*<\/span><\/label><ul id=\"wpforms-111-field_56\" class=\"wpforms-field-required\"><li class=\"choice-1 depth-1\"><input type=\"radio\" id=\"wpforms-111-field_56_1\" name=\"wpforms[fields][56]\" value=\"Oui\" required ><label class=\"wpforms-field-label-inline\" for=\"wpforms-111-field_56_1\">Oui<\/label><\/li><li class=\"choice-2 depth-1\"><input type=\"radio\" id=\"wpforms-111-field_56_2\" name=\"wpforms[fields][56]\" value=\"Non\" required ><label class=\"wpforms-field-label-inline\" for=\"wpforms-111-field_56_2\">Non<\/label><\/li><\/ul><\/div><div id=\"wpforms-111-field_10-container\" class=\"wpforms-field wpforms-field-pagebreak\" data-field-id=\"10\"><div class=\"wpforms-clear wpforms-pagebreak-left\"><button class=\"wpforms-page-button wpforms-page-prev\" data-action=\"prev\" data-page=\"5\" data-formid=\"111\" disabled>RETOUR<\/button><\/div><\/div><\/div><\/div><!-- .wpforms-field-container --><div class=\"wpforms-field wpforms-field-hp\"><label for=\"wpforms-111-field-hp\" class=\"wpforms-field-label\">Website<\/label><input type=\"text\" name=\"wpforms[hp]\" id=\"wpforms-111-field-hp\" class=\"wpforms-field-medium\"><\/div><div class=\"wpforms-recaptcha-container wpforms-is-recaptcha wpforms-is-recaptcha-type-v3\" style=\"display:none;\"><input type=\"hidden\" name=\"wpforms[recaptcha]\" value=\"\"><\/div><div class=\"wpforms-submit-container\" style=\"display:none;\"><input type=\"hidden\" name=\"wpforms[id]\" value=\"111\"><input type=\"hidden\" name=\"page_title\" value=\"\"><input type=\"hidden\" name=\"page_url\" value=\"https:\/\/xperto-hypotheque-victor-hugo.ca\/en\/wp-json\/wp\/v2\/pages\/4016\"><input type=\"hidden\" name=\"url_referer\" value=\"\"><button type=\"submit\" name=\"wpforms[submit]\" id=\"wpforms-submit-111\" class=\"wpforms-submit\" data-alt-text=\"ENVOI...\" data-submit-text=\"OBTENIR MES OFFRES HYPOTH\u00c9CAIRES GRATUITES\" aria-live=\"assertive\" value=\"wpforms-submit\">OBTENIR MES OFFRES HYPOTH\u00c9CAIRES GRATUITES<\/button><\/div><\/form><\/div>  <!-- .wpforms-container -->    <\/div>\n<\/div>\n<!-- \/module plain text -->        <\/div>\n                        <\/div>\n        <\/div>\n        <\/div>\n<!--\/themify_builder_content-->","protected":false},"excerpt":{"rendered":"","protected":false},"author":1,"featured_media":0,"parent":4013,"menu_order":0,"comment_status":"closed","ping_status":"closed","template":"","meta":{"footnotes":""},"class_list":["post-4016","page","type-page","status-publish","hentry","has-post-title","has-post-date","has-post-category","has-post-tag","has-post-comment","has-post-author",""],"aioseo_notices":[],"builder_content":"[wpforms id=\"111\"]","_links":{"self":[{"href":"https:\/\/xperto-hypotheque-victor-hugo.ca\/en\/wp-json\/wp\/v2\/pages\/4016","targetHints":{"allow":["GET"]}}],"collection":[{"href":"https:\/\/xperto-hypotheque-victor-hugo.ca\/en\/wp-json\/wp\/v2\/pages"}],"about":[{"href":"https:\/\/xperto-hypotheque-victor-hugo.ca\/en\/wp-json\/wp\/v2\/types\/page"}],"author":[{"embeddable":true,"href":"https:\/\/xperto-hypotheque-victor-hugo.ca\/en\/wp-json\/wp\/v2\/users\/1"}],"replies":[{"embeddable":true,"href":"https:\/\/xperto-hypotheque-victor-hugo.ca\/en\/wp-json\/wp\/v2\/comments?post=4016"}],"version-history":[{"count":6,"href":"https:\/\/xperto-hypotheque-victor-hugo.ca\/en\/wp-json\/wp\/v2\/pages\/4016\/revisions"}],"predecessor-version":[{"id":8471,"href":"https:\/\/xperto-hypotheque-victor-hugo.ca\/en\/wp-json\/wp\/v2\/pages\/4016\/revisions\/8471"}],"up":[{"embeddable":true,"href":"https:\/\/xperto-hypotheque-victor-hugo.ca\/en\/wp-json\/wp\/v2\/pages\/4013"}],"wp:attachment":[{"href":"https:\/\/xperto-hypotheque-victor-hugo.ca\/en\/wp-json\/wp\/v2\/media?parent=4016"}],"curies":[{"name":"wp","href":"https:\/\/api.w.org\/{rel}","templated":true}]}}